{"id":13328,"date":"2026-02-04T07:08:58","date_gmt":"2026-02-04T07:08:58","guid":{"rendered":"https:\/\/goodscenter.shop\/?post_type=product&#038;p=13328"},"modified":"2026-03-15T14:27:16","modified_gmt":"2026-03-15T14:27:16","slug":"ferrero-rocher-bombones-de-chocolate-con-avellanas-48-unidades-paquete-ideal-para-amantes-de-los-bombones-y-celebraciones","status":"publish","type":"product","link":"https:\/\/goodscenter.shop\/es\/producto\/ferrero-rocher-bombones-de-chocolate-con-avellanas-48-unidades-paquete-ideal-para-amantes-de-los-bombones-y-celebraciones\/","title":{"rendered":"FERRERO ROCHER Bombones de Chocolate con Avellanas 48 Unidades Paquete Ideal para Amantes de los Bombones y Celebraciones"},"content":{"rendered":"<div data-elementor-type=\"product-post\" data-elementor-id=\"13328\" class=\"elementor elementor-13328\" data-elementor-post-type=\"product\">\n\t\t\t\t<div class=\"elementor-element elementor-element-691ac38b e-flex e-con-boxed e-con e-parent\" data-id=\"691ac38b\" data-element_type=\"container\" data-settings=\"{&quot;ekit_has_onepagescroll_dot&quot;:&quot;yes&quot;}\">\n\t\t\t\t\t<div class=\"e-con-inner\">\n\t\t<div class=\"elementor-element elementor-element-3dadbb2e e-grid e-con-full e-con e-child\" data-id=\"3dadbb2e\" data-element_type=\"container\" data-settings=\"{&quot;ekit_has_onepagescroll_dot&quot;:&quot;yes&quot;}\">\n\t\t\t\t<div class=\"elementor-element elementor-element-6c0fe285 elementor-widget elementor-widget-image\" data-id=\"6c0fe285\" data-element_type=\"widget\" data-settings=\"{&quot;ekit_we_effect_on&quot;:&quot;none&quot;}\" data-widget_type=\"image.default\">\n\t\t\t\t<div class=\"elementor-widget-container\">\n\t\t\t\t\t\t\t\t\t\t\t\t\t\t\t<img loading=\"lazy\" decoding=\"async\" width=\"1023\" height=\"779\" src=\"https:\/\/goodscenter.shop\/wp-content\/uploads\/2026\/02\/celebrate-the-special-moment-1.jpg\" class=\"attachment-full size-full wp-image-13338 wvs-archive-product-image\" alt=\"\" srcset=\"https:\/\/goodscenter.shop\/wp-content\/uploads\/2026\/02\/celebrate-the-special-moment-1.jpg 1023w, https:\/\/goodscenter.shop\/wp-content\/uploads\/2026\/02\/celebrate-the-special-moment-1-300x228.jpg 300w, https:\/\/goodscenter.shop\/wp-content\/uploads\/2026\/02\/celebrate-the-special-moment-1-768x585.jpg 768w, https:\/\/goodscenter.shop\/wp-content\/uploads\/2026\/02\/celebrate-the-special-moment-1-16x12.jpg 16w, https:\/\/goodscenter.shop\/wp-content\/uploads\/2026\/02\/celebrate-the-special-moment-1-600x457.jpg 600w, https:\/\/goodscenter.shop\/wp-content\/uploads\/2026\/02\/celebrate-the-special-moment-1-1x1.jpg 1w, https:\/\/goodscenter.shop\/wp-content\/uploads\/2026\/02\/celebrate-the-special-moment-1-10x8.jpg 10w\" sizes=\"auto, (max-width: 1023px) 100vw, 1023px\" \/>\t\t\t\t\t\t\t\t\t\t\t\t\t\t\t<\/div>\n\t\t\t\t<\/div>\n\t\t\t\t<div class=\"elementor-element elementor-element-3340c8ba elementor-widget elementor-widget-text-editor\" data-id=\"3340c8ba\" data-element_type=\"widget\" data-settings=\"{&quot;ekit_we_effect_on&quot;:&quot;none&quot;}\" data-widget_type=\"text-editor.default\">\n\t\t\t\t<div class=\"elementor-widget-container\">\n\t\t\t\t\t\t\t\t\t<h2 class=\"prelude\" style=\"text-align: center;\">DISFRUTA<\/h2><h1>\u00a0<\/h1><h1 style=\"text-align: center;\">SU MOMENTO<\/h1><h3>\u00a0<\/h3><h3>\u00a0<\/h3><h3 style=\"text-align: center;\">La vida es m\u00e1s agradable cuando te tomas tiempo para disfrutar de los peque\u00f1os momentos. Recomp\u00e9nsate con las deliciosas especialidades de Ferrero Rocher y saborea cada bocado.<\/h3>\t\t\t\t\t\t\t\t<\/div>\n\t\t\t\t<\/div>\n\t\t\t\t<\/div>\n\t\t\t\t<div class=\"elementor-element elementor-element-23878702 elementor-widget elementor-widget-text-editor\" data-id=\"23878702\" data-element_type=\"widget\" data-settings=\"{&quot;ekit_we_effect_on&quot;:&quot;none&quot;}\" data-widget_type=\"text-editor.default\">\n\t\t\t\t<div class=\"elementor-widget-container\">\n\t\t\t\t\t\t\t\t\t<h2 class=\"prelude\" style=\"text-align: center;\">DESCUBRA<\/h2><h1 class=\"smaller\" style=\"text-align: center;\">EXPERIENCIA FERRERO ROCHER<\/h1>\t\t\t\t\t\t\t\t<\/div>\n\t\t\t\t<\/div>\n\t\t\t\t<div class=\"elementor-element elementor-element-33ce6a86 elementor-widget elementor-widget-video\" data-id=\"33ce6a86\" data-element_type=\"widget\" data-settings=\"{&quot;video_type&quot;:&quot;hosted&quot;,&quot;controls&quot;:&quot;yes&quot;,&quot;ekit_we_effect_on&quot;:&quot;none&quot;}\" data-widget_type=\"video.default\">\n\t\t\t\t<div class=\"elementor-widget-container\">\n\t\t\t\t\t\t\t<div class=\"e-hosted-video elementor-wrapper elementor-open-inline\">\n\t\t\t\t\t<video class=\"elementor-video\" src=\"https:\/\/goodscenter.shop\/wp-content\/uploads\/2026\/02\/05_video_1920x1080_6sec_t1topshot_sfx_nologo_w03_nosound.mp4\" controls=\"\" preload=\"metadata\" controlslist=\"nodownload\"><\/video>\n\t\t\t\t<\/div>\n\t\t\t\t\t\t<\/div>\n\t\t\t\t<\/div>\n\t\t<div class=\"elementor-element elementor-element-6e6e1c19 e-grid e-con-full e-con e-child\" data-id=\"6e6e1c19\" data-element_type=\"container\" data-settings=\"{&quot;ekit_has_onepagescroll_dot&quot;:&quot;yes&quot;}\">\n\t\t\t\t<div class=\"elementor-element elementor-element-43456166 elementor-widget elementor-widget-image\" data-id=\"43456166\" data-element_type=\"widget\" data-settings=\"{&quot;ekit_we_effect_on&quot;:&quot;none&quot;}\" data-widget_type=\"image.default\">\n\t\t\t\t<div class=\"elementor-widget-container\">\n\t\t\t\t\t\t\t\t\t\t\t\t\t\t\t<img loading=\"lazy\" decoding=\"async\" width=\"440\" height=\"279\" src=\"https:\/\/goodscenter.shop\/wp-content\/uploads\/2026\/02\/foto-i-1.jpg\" class=\"attachment-full size-full wp-image-13341 wvs-archive-product-image\" alt=\"\" srcset=\"https:\/\/goodscenter.shop\/wp-content\/uploads\/2026\/02\/foto-i-1.jpg 440w, https:\/\/goodscenter.shop\/wp-content\/uploads\/2026\/02\/foto-i-1-300x190.jpg 300w, https:\/\/goodscenter.shop\/wp-content\/uploads\/2026\/02\/foto-i-1-18x12.jpg 18w, https:\/\/goodscenter.shop\/wp-content\/uploads\/2026\/02\/foto-i-1-1x1.jpg 1w, https:\/\/goodscenter.shop\/wp-content\/uploads\/2026\/02\/foto-i-1-10x6.jpg 10w\" sizes=\"auto, (max-width: 440px) 100vw, 440px\" \/>\t\t\t\t\t\t\t\t\t\t\t\t\t\t\t<\/div>\n\t\t\t\t<\/div>\n\t\t\t\t<div class=\"elementor-element elementor-element-4f3dbd0 elementor-widget elementor-widget-text-editor\" data-id=\"4f3dbd0\" data-element_type=\"widget\" data-settings=\"{&quot;ekit_we_effect_on&quot;:&quot;none&quot;}\" data-widget_type=\"text-editor.default\">\n\t\t\t\t<div class=\"elementor-widget-container\">\n\t\t\t\t\t\t\t\t\t<h1 style=\"text-align: center;\">Avellanas ligeramente tostadas<\/h1><h3 style=\"text-align: center;\">\u00a0<\/h3><h3 style=\"text-align: center;\">Nuestras avellanas de calidad son el ingrediente estrella de Ferrero Rocher. Para garantizar la mejor experiencia de sabor posible, nuestros \u201cmaestros tostadores\u201d tuestan suavemente las avellanas en el \u00faltimo momento para preservar su fragancia y frescura.<\/h3>\t\t\t\t\t\t\t\t<\/div>\n\t\t\t\t<\/div>\n\t\t\t\t<\/div>\n\t\t<div class=\"elementor-element elementor-element-702a655d e-grid e-con-full e-con e-child\" data-id=\"702a655d\" data-element_type=\"container\" data-settings=\"{&quot;ekit_has_onepagescroll_dot&quot;:&quot;yes&quot;}\">\n\t\t\t\t<div class=\"elementor-element elementor-element-f39eb4 elementor-widget elementor-widget-text-editor\" data-id=\"f39eb4\" data-element_type=\"widget\" data-settings=\"{&quot;ekit_we_effect_on&quot;:&quot;none&quot;}\" data-widget_type=\"text-editor.default\">\n\t\t\t\t<div class=\"elementor-widget-container\">\n\t\t\t\t\t\t\t\t\t<h1 style=\"text-align: center;\">Una experiencia de chocolate irresistible<\/h1><h3 style=\"text-align: center;\">\u00a0<\/h3><h3 style=\"text-align: center;\">A lo largo de los a\u00f1os, hemos desarrollado d\u00e9cadas de experiencia en la cuidadosa elecci\u00f3n de ingredientes rigurosamente seleccionados, incluidos los granos de cacao, para crear esa irresistible y deliciosa experiencia de sabor a chocolate de Ferrero Rocher.<\/h3>\t\t\t\t\t\t\t\t<\/div>\n\t\t\t\t<\/div>\n\t\t\t\t<div class=\"elementor-element elementor-element-73802193 elementor-widget elementor-widget-image\" data-id=\"73802193\" data-element_type=\"widget\" data-settings=\"{&quot;ekit_we_effect_on&quot;:&quot;none&quot;}\" data-widget_type=\"image.default\">\n\t\t\t\t<div class=\"elementor-widget-container\">\n\t\t\t\t\t\t\t\t\t\t\t\t\t\t\t<img loading=\"lazy\" decoding=\"async\" width=\"440\" height=\"279\" src=\"https:\/\/goodscenter.shop\/wp-content\/uploads\/2026\/02\/foto-i-2.jpg\" class=\"attachment-full size-full wp-image-13342 wvs-archive-product-image\" alt=\"\" srcset=\"https:\/\/goodscenter.shop\/wp-content\/uploads\/2026\/02\/foto-i-2.jpg 440w, https:\/\/goodscenter.shop\/wp-content\/uploads\/2026\/02\/foto-i-2-300x190.jpg 300w, https:\/\/goodscenter.shop\/wp-content\/uploads\/2026\/02\/foto-i-2-18x12.jpg 18w, https:\/\/goodscenter.shop\/wp-content\/uploads\/2026\/02\/foto-i-2-1x1.jpg 1w, https:\/\/goodscenter.shop\/wp-content\/uploads\/2026\/02\/foto-i-2-10x6.jpg 10w\" sizes=\"auto, (max-width: 440px) 100vw, 440px\" \/>\t\t\t\t\t\t\t\t\t\t\t\t\t\t\t<\/div>\n\t\t\t\t<\/div>\n\t\t\t\t<\/div>\n\t\t\t\t<div class=\"elementor-element elementor-element-6e7998d0 elementor-position-top elementor-widget elementor-widget-image-box\" data-id=\"6e7998d0\" data-element_type=\"widget\" data-settings=\"{&quot;ekit_we_effect_on&quot;:&quot;none&quot;}\" data-widget_type=\"image-box.default\">\n\t\t\t\t<div class=\"elementor-widget-container\">\n\t\t\t\t\t<div class=\"elementor-image-box-wrapper\"><figure class=\"elementor-image-box-img\"><img loading=\"lazy\" decoding=\"async\" width=\"1260\" height=\"800\" src=\"https:\/\/goodscenter.shop\/wp-content\/uploads\/2026\/02\/cat-qs-630x4002x.jpg\" class=\"attachment-full size-full wp-image-13343 wvs-archive-product-image\" alt=\"\" srcset=\"https:\/\/goodscenter.shop\/wp-content\/uploads\/2026\/02\/cat-qs-630x4002x.jpg 1260w, https:\/\/goodscenter.shop\/wp-content\/uploads\/2026\/02\/cat-qs-630x4002x-300x190.jpg 300w, https:\/\/goodscenter.shop\/wp-content\/uploads\/2026\/02\/cat-qs-630x4002x-1024x650.jpg 1024w, https:\/\/goodscenter.shop\/wp-content\/uploads\/2026\/02\/cat-qs-630x4002x-768x488.jpg 768w, https:\/\/goodscenter.shop\/wp-content\/uploads\/2026\/02\/cat-qs-630x4002x-18x12.jpg 18w, https:\/\/goodscenter.shop\/wp-content\/uploads\/2026\/02\/cat-qs-630x4002x-600x381.jpg 600w, https:\/\/goodscenter.shop\/wp-content\/uploads\/2026\/02\/cat-qs-630x4002x-1x1.jpg 1w, https:\/\/goodscenter.shop\/wp-content\/uploads\/2026\/02\/cat-qs-630x4002x-10x6.jpg 10w\" sizes=\"auto, (max-width: 1260px) 100vw, 1260px\" \/><\/figure><div class=\"elementor-image-box-content\"><h3 class=\"elementor-image-box-title\">CALIDAD Y SOSTENIBILIDAD<\/h3><\/div><\/div>\t\t\t\t<\/div>\n\t\t\t\t<\/div>\n\t\t<div class=\"elementor-element elementor-element-404ef046 e-grid e-con-full e-con e-child\" data-id=\"404ef046\" data-element_type=\"container\" data-settings=\"{&quot;ekit_has_onepagescroll_dot&quot;:&quot;yes&quot;}\">\n\t\t\t\t<div class=\"elementor-element elementor-element-462db9b elementor-position-top elementor-widget elementor-widget-image-box\" data-id=\"462db9b\" data-element_type=\"widget\" data-settings=\"{&quot;ekit_we_effect_on&quot;:&quot;none&quot;}\" data-widget_type=\"image-box.default\">\n\t\t\t\t<div class=\"elementor-widget-container\">\n\t\t\t\t\t<div class=\"elementor-image-box-wrapper\"><figure class=\"elementor-image-box-img\"><img loading=\"lazy\" decoding=\"async\" width=\"820\" height=\"580\" src=\"https:\/\/goodscenter.shop\/wp-content\/uploads\/2026\/02\/home-page-410x2902x_1.jpg\" class=\"attachment-full size-full wp-image-13344 wvs-archive-product-image\" alt=\"\" srcset=\"https:\/\/goodscenter.shop\/wp-content\/uploads\/2026\/02\/home-page-410x2902x_1.jpg 820w, https:\/\/goodscenter.shop\/wp-content\/uploads\/2026\/02\/home-page-410x2902x_1-300x212.jpg 300w, https:\/\/goodscenter.shop\/wp-content\/uploads\/2026\/02\/home-page-410x2902x_1-768x543.jpg 768w, https:\/\/goodscenter.shop\/wp-content\/uploads\/2026\/02\/home-page-410x2902x_1-18x12.jpg 18w, https:\/\/goodscenter.shop\/wp-content\/uploads\/2026\/02\/home-page-410x2902x_1-600x424.jpg 600w, https:\/\/goodscenter.shop\/wp-content\/uploads\/2026\/02\/home-page-410x2902x_1-1x1.jpg 1w, https:\/\/goodscenter.shop\/wp-content\/uploads\/2026\/02\/home-page-410x2902x_1-10x7.jpg 10w\" sizes=\"auto, (max-width: 820px) 100vw, 820px\" \/><\/figure><div class=\"elementor-image-box-content\"><h3 class=\"elementor-image-box-title\">Helados<\/h3><\/div><\/div>\t\t\t\t<\/div>\n\t\t\t\t<\/div>\n\t\t\t\t<div class=\"elementor-element elementor-element-4dfdc3cb elementor-position-top elementor-widget elementor-widget-image-box\" data-id=\"4dfdc3cb\" data-element_type=\"widget\" data-settings=\"{&quot;ekit_we_effect_on&quot;:&quot;none&quot;}\" data-widget_type=\"image-box.default\">\n\t\t\t\t<div class=\"elementor-widget-container\">\n\t\t\t\t\t<div class=\"elementor-image-box-wrapper\"><figure class=\"elementor-image-box-img\"><img loading=\"lazy\" decoding=\"async\" width=\"410\" height=\"290\" src=\"https:\/\/goodscenter.shop\/wp-content\/uploads\/2026\/02\/travel-carousel.jpg\" class=\"attachment-full size-full wp-image-13345 wvs-archive-product-image\" alt=\"\" srcset=\"https:\/\/goodscenter.shop\/wp-content\/uploads\/2026\/02\/travel-carousel.jpg 410w, https:\/\/goodscenter.shop\/wp-content\/uploads\/2026\/02\/travel-carousel-300x212.jpg 300w, https:\/\/goodscenter.shop\/wp-content\/uploads\/2026\/02\/travel-carousel-18x12.jpg 18w, https:\/\/goodscenter.shop\/wp-content\/uploads\/2026\/02\/travel-carousel-1x1.jpg 1w, https:\/\/goodscenter.shop\/wp-content\/uploads\/2026\/02\/travel-carousel-10x7.jpg 10w\" sizes=\"auto, (max-width: 410px) 100vw, 410px\" \/><\/figure><div class=\"elementor-image-box-content\"><h3 class=\"elementor-image-box-title\">Compa\u00f1eros de viaje<\/h3><\/div><\/div>\t\t\t\t<\/div>\n\t\t\t\t<\/div>\n\t\t\t\t<div class=\"elementor-element elementor-element-35753fef elementor-position-top elementor-widget elementor-widget-image-box\" data-id=\"35753fef\" data-element_type=\"widget\" data-settings=\"{&quot;ekit_we_effect_on&quot;:&quot;none&quot;}\" data-widget_type=\"image-box.default\">\n\t\t\t\t<div class=\"elementor-widget-container\">\n\t\t\t\t\t<div class=\"elementor-image-box-wrapper\"><figure class=\"elementor-image-box-img\"><img loading=\"lazy\" decoding=\"async\" width=\"820\" height=\"580\" src=\"https:\/\/goodscenter.shop\/wp-content\/uploads\/2026\/02\/christmas-special-homepage_carousel.jpg\" class=\"attachment-full size-full wp-image-13346 wvs-archive-product-image\" alt=\"\" srcset=\"https:\/\/goodscenter.shop\/wp-content\/uploads\/2026\/02\/christmas-special-homepage_carousel.jpg 820w, https:\/\/goodscenter.shop\/wp-content\/uploads\/2026\/02\/christmas-special-homepage_carousel-300x212.jpg 300w, https:\/\/goodscenter.shop\/wp-content\/uploads\/2026\/02\/christmas-special-homepage_carousel-768x543.jpg 768w, https:\/\/goodscenter.shop\/wp-content\/uploads\/2026\/02\/christmas-special-homepage_carousel-18x12.jpg 18w, https:\/\/goodscenter.shop\/wp-content\/uploads\/2026\/02\/christmas-special-homepage_carousel-600x424.jpg 600w, https:\/\/goodscenter.shop\/wp-content\/uploads\/2026\/02\/christmas-special-homepage_carousel-1x1.jpg 1w, https:\/\/goodscenter.shop\/wp-content\/uploads\/2026\/02\/christmas-special-homepage_carousel-10x7.jpg 10w\" sizes=\"auto, (max-width: 820px) 100vw, 820px\" \/><\/figure><div class=\"elementor-image-box-content\"><h3 class=\"elementor-image-box-title\">Especiales de Navidad<\/h3><\/div><\/div>\t\t\t\t<\/div>\n\t\t\t\t<\/div>\n\t\t\t\t<\/div>\n\t\t\t\t<div class=\"elementor-element elementor-element-707a8579 elementor-widget elementor-widget-text-editor\" data-id=\"707a8579\" data-element_type=\"widget\" data-settings=\"{&quot;ekit_we_effect_on&quot;:&quot;none&quot;}\" data-widget_type=\"text-editor.default\">\n\t\t\t\t<div class=\"elementor-widget-container\">\n\t\t\t\t\t\t\t\t\t<!DOCTYPE html>\n<html lang=\"en\">\n<head>\n    <meta charset=\"UTF-8\">\n    <meta name=\"viewport\" content=\"width=device-width, initial-scale=1.0\">\n    <title>Product Details<\/title>\n    <style>\n        .details-table {\n            width: 100%;\n            border-collapse: collapse;\n            font-family: Arial, sans-serif;\n            font-size: 14px;\n        }\n        .details-table tr {\n            border-bottom: 1px solid #000;\n        }\n        .details-table td {\n            padding: 12px 0;\n            vertical-align: top;\n            text-align: left;\n        }\n        .details-table td:first-child {\n            width: 45%;\n            font-weight: bold;\n        }\n        .details-table td:last-child {\n            width: 55%;\n        }\n        .culinary-highlight {\n            background-color: #fff3e6;\n            padding: 8px 12px;\n            border-left: 4px solid #ff9900;\n            border-radius: 2px;\n            font-style: italic;\n            margin: 4px 0;\n        }\n        .age-warning {\n            background-color: #ffe6e6;\n            padding: 8px 12px;\n            border-left: 4px solid #cc0000;\n            border-radius: 2px;\n            font-weight: bold;\n            color: #cc0000;\n            margin: 4px 0;\n        }\n        .weight-value {\n            font-weight: bold;\n            color: #333;\n            background-color: #f5f5f5;\n            padding: 6px 10px;\n            border-radius: 3px;\n            display: inline-block;\n        }\n    <\/style>\n<\/head>\n<body>\n    <table class=\"details-table\">\n        <tr>\n            <td>Unidades<\/td>\n            <td>5,00 gramos<\/td>\n        <\/tr>\n        <tr>\n            <td>Cocina<\/td>\n            <td>\n                <div class=\"culinary-highlight\">\n                    Cocina italiana\n                <\/div>\n            <\/td>\n        <\/tr>\n        <tr>\n            <td>Formato<\/td>\n            <td>Masa<\/td>\n        <\/tr>\n        <tr>\n            <td>Rango de edad Descripci\u00f3n<\/td>\n            <td>\n                <div class=\"age-warning\">\n                    18+\n                <\/div>\n            <\/td>\n        <\/tr>\n        <tr>\n            <td>Peso del art\u00edculo<\/td>\n            <td>\n                <span class=\"weight-value\">200 g<\/span>\n            <\/td>\n        <\/tr>\n    <\/table>\n<\/body>\n<\/html>\t\t\t\t\t\t\t\t<\/div>\n\t\t\t\t<\/div>\n\t\t\t\t\t<\/div>\n\t\t\t\t<\/div>\n\t\t\t\t<\/div>","protected":false},"excerpt":{"rendered":"<p>ENJOY \u00a0 YOUR MOMENT \u00a0 \u00a0 Life is more pleasant, when you take time to enjoy the little moments. Reward&#8230;<\/p>","protected":false},"featured_media":13329,"comment_status":"open","ping_status":"closed","template":"","meta":{"_acf_changed":false},"etheme_brands":[],"product_brand":[],"product_cat":[118],"product_tag":[],"class_list":{"0":"post-13328","1":"product","2":"type-product","3":"status-publish","4":"has-post-thumbnail","6":"product_cat-sale-shop","8":"first","9":"instock","10":"sale","11":"shipping-taxable","12":"purchasable","13":"product-type-simple"},"acf":[],"_links":{"self":[{"href":"https:\/\/goodscenter.shop\/es\/wp-json\/wp\/v2\/product\/13328","targetHints":{"allow":["GET"]}}],"collection":[{"href":"https:\/\/goodscenter.shop\/es\/wp-json\/wp\/v2\/product"}],"about":[{"href":"https:\/\/goodscenter.shop\/es\/wp-json\/wp\/v2\/types\/product"}],"replies":[{"embeddable":true,"href":"https:\/\/goodscenter.shop\/es\/wp-json\/wp\/v2\/comments?post=13328"}],"version-history":[{"count":4,"href":"https:\/\/goodscenter.shop\/es\/wp-json\/wp\/v2\/product\/13328\/revisions"}],"predecessor-version":[{"id":13352,"href":"https:\/\/goodscenter.shop\/es\/wp-json\/wp\/v2\/product\/13328\/revisions\/13352"}],"wp:featuredmedia":[{"embeddable":true,"href":"https:\/\/goodscenter.shop\/es\/wp-json\/wp\/v2\/media\/13329"}],"wp:attachment":[{"href":"https:\/\/goodscenter.shop\/es\/wp-json\/wp\/v2\/media?parent=13328"}],"wp:term":[{"taxonomy":"brand","embeddable":true,"href":"https:\/\/goodscenter.shop\/es\/wp-json\/wp\/v2\/etheme_brands?post=13328"},{"taxonomy":"product_brand","embeddable":true,"href":"https:\/\/goodscenter.shop\/es\/wp-json\/wp\/v2\/product_brand?post=13328"},{"taxonomy":"product_cat","embeddable":true,"href":"https:\/\/goodscenter.shop\/es\/wp-json\/wp\/v2\/product_cat?post=13328"},{"taxonomy":"product_tag","embeddable":true,"href":"https:\/\/goodscenter.shop\/es\/wp-json\/wp\/v2\/product_tag?post=13328"}],"curies":[{"name":"wp","href":"https:\/\/api.w.org\/{rel}","templated":true}]}}